{"id":2511,"date":"2015-04-08T20:02:01","date_gmt":"2015-04-08T19:02:01","guid":{"rendered":"http:\/\/www.eussifruit.eu\/2015\/?page_id=2511"},"modified":"2021-04-17T17:48:21","modified_gmt":"2021-04-17T16:48:21","slug":"school-fruit","status":"publish","type":"page","link":"https:\/\/www.eussifruit.eu\/de\/school-fruit\/","title":{"rendered":"Obst f\u00fcr Schulen"},"content":{"rendered":"<p>[et_pb_section fb_built=&#8221;1&#8243; _builder_version=&#8221;4.9.3&#8243; _module_preset=&#8221;default&#8221; background_image=&#8221;https:\/\/www.eussifruit.eu\/wp-content\/uploads\/2021\/04\/schoolfruit1.jpg&#8221; module_alignment=&#8221;center&#8221; custom_padding=&#8221;186px||186px||true|false&#8221; border_width_bottom=&#8221;3px&#8221; border_color_bottom=&#8221;#006631&#8243;][et_pb_row _builder_version=&#8221;4.9.3&#8243; _module_preset=&#8221;default&#8221;][et_pb_column type=&#8221;4_4&#8243; _builder_version=&#8221;4.9.3&#8243; _module_preset=&#8221;default&#8221;][et_pb_text _builder_version=&#8221;4.9.3&#8243; _module_preset=&#8221;default&#8221; header_font=&#8221;Poppins|700|||||||&#8221; header_text_color=&#8221;#f7fff7&#8243; header_font_size=&#8221;71px&#8221; hover_enabled=&#8221;0&#8243; header_text_shadow_style=&#8221;preset1&#8243; sticky_enabled=&#8221;0&#8243;]<\/p>\n<h1 style=\"text-align: left;\">Obst f\u00fcr Schulen<\/h1>\n<p>[\/et_pb_text][\/et_pb_column][\/et_pb_row][\/et_pb_section][et_pb_section fb_built=&#8221;1&#8243; admin_label=&#8221;section&#8221; _builder_version=&#8221;4.9.3&#8243; border_color_bottom=&#8221;#006631&#8243;][et_pb_row admin_label=&#8221;row&#8221; _builder_version=&#8221;3.25&#8243; background_size=&#8221;initial&#8221; background_position=&#8221;top_left&#8221; background_repeat=&#8221;repeat&#8221;][et_pb_column type=&#8221;4_4&#8243; _builder_version=&#8221;3.25&#8243; custom_padding=&#8221;|||&#8221; custom_padding__hover=&#8221;|||&#8221;][et_pb_text admin_label=&#8221;Text&#8221; _builder_version=&#8221;4.9.3&#8243; text_font=&#8221;Poppins||||||||&#8221; text_font_size=&#8221;15px&#8221; text_line_height=&#8221;1.8em&#8221; header_3_font_size=&#8221;23px&#8221; background_size=&#8221;initial&#8221; background_position=&#8221;top_left&#8221; background_repeat=&#8221;repeat&#8221;]<\/p>\n<h3>Obst f\u00fcr Schulen<\/h3>\n<p>Obst ist nicht nur sehr lecker, sondern auch nahrhaft und voller Vitamine. Es ist nie zu fr\u00fch, um mit dem Verzehr von Obst zu beginnen. Deshalb liefert Eussifruit auch Obst an Schulen. Dies kann t\u00e4glich oder einmal pro Woche erfolgen. Die Zusammenstellung eines Pakets erfolgt in Absprache. Sch\u00fcler, die sich gesund ern\u00e4hren, erkranken seltener an einer Grippe und erbringen bessere Leistungen in der Schule. <em>Au\u00dferdem: Essen sehen macht hungrig! <\/em>Die meisten Kinder essen bereits jeden Tag Obst und Gem\u00fcse, aber die Portionen sind oft klein. <br \/>150 Gramm Gem\u00fcse auf einmal - zum Beispiel 3 Essl\u00f6ffel Bohnen - sind f\u00fcr ein Kind ziemlich viel. Dank des Obsts in der Schule gibt es die M\u00f6glichkeit, \u00fcber den Tag verteilt etwas mehr Obst und Gem\u00fcse zu essen. Beispiele sind Bananenst\u00fccke im Joghurt, Snacktomaten, Gurke auf Brot oder Erdbeeren zum Nachtisch.<\/p>\n<p>[\/et_pb_text][\/et_pb_column][\/et_pb_row][\/et_pb_section]<\/p>","protected":false},"excerpt":{"rendered":"<p>[et_pb_section fb_built=&#8221;1&#8243; _builder_version=&#8221;4.9.3&#8243; _module_preset=&#8221;default&#8221; background_image=&#8221;https:\/\/www.eussifruit.eu\/wp-content\/uploads\/2021\/04\/schoolfruit1.jpg&#8221; module_alignment=&#8221;center&#8221; custom_padding=&#8221;186px||186px||true|false&#8221; border_width_bottom=&#8221;3px&#8221; border_color_bottom=&#8221;#006631&#8243;][et_pb_row _builder_version=&#8221;4.9.3&#8243; _module_preset=&#8221;default&#8221;][et_pb_column type=&#8221;4_4&#8243; _builder_version=&#8221;4.9.3&#8243; _module_preset=&#8221;default&#8221;][et_pb_text _builder_version=&#8221;4.9.3&#8243; _module_preset=&#8221;default&#8221; header_font=&#8221;Poppins|700|||||||&#8221; header_text_color=&#8221;#f7fff7&#8243; header_font_size=&#8221;71px&#8221; hover_enabled=&#8221;0&#8243; header_text_shadow_style=&#8221;preset1&#8243; sticky_enabled=&#8221;0&#8243;] Schoolfruit [\/et_pb_text][\/et_pb_column][\/et_pb_row][\/et_pb_section][et_pb_section fb_built=&#8221;1&#8243; admin_label=&#8221;section&#8221; _builder_version=&#8221;4.9.3&#8243; border_color_bottom=&#8221;#006631&#8243;][et_pb_row admin_label=&#8221;row&#8221; _builder_version=&#8221;3.25&#8243; background_size=&#8221;initial&#8221; background_position=&#8221;top_left&#8221; background_repeat=&#8221;repeat&#8221;][et_pb_column type=&#8221;4_4&#8243; _builder_version=&#8221;3.25&#8243; custom_padding=&#8221;|||&#8221; custom_padding__hover=&#8221;|||&#8221;][et_pb_text admin_label=&#8221;Text&#8221; _builder_version=&#8221;4.9.3&#8243; text_font=&#8221;Poppins||||||||&#8221; text_font_size=&#8221;15px&#8221; text_line_height=&#8221;1.8em&#8221; header_3_font_size=&#8221;23px&#8221; background_size=&#8221;initial&#8221; background_position=&#8221;top_left&#8221; background_repeat=&#8221;repeat&#8221;] Schoolfruit Fruit is niet alleen heel lekker, het is [&hellip;]<\/p>","protected":false},"author":1,"featured_media":0,"parent":0,"menu_order":0,"comment_status":"closed","ping_status":"open","template":"","meta":{"_et_pb_use_builder":"on","_et_pb_old_content":"[vc_row][vc_column width=\"1\/2\"][vc_column_text animation=\"fadeIn-1 blind\"]\r\n<h3>Schoolfruit<\/h3>\r\nFruit is niet alleen heel lekker, het is bovendien voedzaam en zit boordevol vitaminen. Met het eten van fruit kun je niet vroeg genoeg beginnen, vandaar dat Eussifruit ook fruit op scholen levert. Dat kan op dagelijkse basis, of \u00e9\u00e9n keer in de week. Het samenstellen van een pakket gebeurt in goed overleg. Leerlingen die gezond eten krijgen minder snel de griep en presteren beter op school. <em>Bovendien: zien eten doet eten! <\/em>Nu is het zo dat de meeste kinderen al elke dag fruit en groente eten, alleen zijn de porties vaak klein. 150 gram groenten in \u00e9\u00e9n keer - bijvoorbeeld 3 opscheplepels boontjes -\u00a0 is voor een kind best veel. Dankzij fruit op school zijn er de hele dag kansen om wat extra fruit en groente te eten. Denk bijvoorbeeld aan stukjes banaan door de yoghurt, snacktomaten tussendoor, komkommer op brood of aardbeien als toetje.[\/vc_column_text][vc_empty_space][\/vc_column][vc_column width=\"1\/2\"][vc_single_image image=\"2519\" img_size=\"539x450\" alignment=\"center\" style=\"vc_box_rounded\" css_animation=\"left-to-right\"][vc_empty_space][\/vc_column][\/vc_row]","_et_gb_content_width":"","footnotes":""},"class_list":["post-2511","page","type-page","status-publish","hentry"],"yoast_head":"<!-- This site is optimized with the Yoast SEO plugin v23.6 - https:\/\/yoast.com\/wordpress\/plugins\/seo\/ -->\n<title>Schoolfruit - Eussifruit<\/title>\n<meta name=\"robots\" content=\"index, follow, max-snippet:-1, max-image-preview:large, max-video-preview:-1\" \/>\n<link rel=\"canonical\" href=\"https:\/\/www.eussifruit.eu\/de\/school-fruit\/\" \/>\n<meta property=\"og:locale\" content=\"de_DE\" \/>\n<meta property=\"og:type\" content=\"article\" \/>\n<meta property=\"og:title\" content=\"Schoolfruit - Eussifruit\" \/>\n<meta property=\"og:description\" content=\"[et_pb_section fb_built=&#8221;1&#8243; _builder_version=&#8221;4.9.3&#8243; _module_preset=&#8221;default&#8221; background_image=&#8221;https:\/\/www.eussifruit.eu\/wp-content\/uploads\/2021\/04\/schoolfruit1.jpg&#8221; module_alignment=&#8221;center&#8221; custom_padding=&#8221;186px||186px||true|false&#8221; border_width_bottom=&#8221;3px&#8221; border_color_bottom=&#8221;#006631&#8243;][et_pb_row _builder_version=&#8221;4.9.3&#8243; _module_preset=&#8221;default&#8221;][et_pb_column type=&#8221;4_4&#8243; _builder_version=&#8221;4.9.3&#8243; _module_preset=&#8221;default&#8221;][et_pb_text _builder_version=&#8221;4.9.3&#8243; _module_preset=&#8221;default&#8221; header_font=&#8221;Poppins|700|||||||&#8221; header_text_color=&#8221;#f7fff7&#8243; header_font_size=&#8221;71px&#8221; hover_enabled=&#8221;0&#8243; header_text_shadow_style=&#8221;preset1&#8243; sticky_enabled=&#8221;0&#8243;] Schoolfruit [\/et_pb_text][\/et_pb_column][\/et_pb_row][\/et_pb_section][et_pb_section fb_built=&#8221;1&#8243; admin_label=&#8221;section&#8221; _builder_version=&#8221;4.9.3&#8243; border_color_bottom=&#8221;#006631&#8243;][et_pb_row admin_label=&#8221;row&#8221; _builder_version=&#8221;3.25&#8243; background_size=&#8221;initial&#8221; background_position=&#8221;top_left&#8221; background_repeat=&#8221;repeat&#8221;][et_pb_column type=&#8221;4_4&#8243; _builder_version=&#8221;3.25&#8243; custom_padding=&#8221;|||&#8221; custom_padding__hover=&#8221;|||&#8221;][et_pb_text admin_label=&#8221;Text&#8221; _builder_version=&#8221;4.9.3&#8243; text_font=&#8221;Poppins||||||||&#8221; text_font_size=&#8221;15px&#8221; text_line_height=&#8221;1.8em&#8221; header_3_font_size=&#8221;23px&#8221; background_size=&#8221;initial&#8221; background_position=&#8221;top_left&#8221; background_repeat=&#8221;repeat&#8221;] Schoolfruit Fruit is niet alleen heel lekker, het is [&hellip;]\" \/>\n<meta property=\"og:url\" content=\"https:\/\/www.eussifruit.eu\/de\/school-fruit\/\" \/>\n<meta property=\"og:site_name\" content=\"Eussifruit\" \/>\n<meta property=\"article:modified_time\" content=\"2021-04-17T16:48:21+00:00\" \/>\n<meta name=\"twitter:card\" content=\"summary_large_image\" \/>\n<meta name=\"twitter:label1\" content=\"Gesch\u00e4tzte Lesezeit\" \/>\n\t<meta name=\"twitter:data1\" content=\"2\u00a0Minuten\" \/>\n<script type=\"application\/ld+json\" class=\"yoast-schema-graph\">{\"@context\":\"https:\/\/schema.org\",\"@graph\":[{\"@type\":\"WebPage\",\"@id\":\"https:\/\/www.eussifruit.eu\/school-fruit\/\",\"url\":\"https:\/\/www.eussifruit.eu\/school-fruit\/\",\"name\":\"Schoolfruit - Eussifruit\",\"isPartOf\":{\"@id\":\"https:\/\/www.eussifruit.eu\/de\/#website\"},\"datePublished\":\"2015-04-08T19:02:01+00:00\",\"dateModified\":\"2021-04-17T16:48:21+00:00\",\"breadcrumb\":{\"@id\":\"https:\/\/www.eussifruit.eu\/school-fruit\/#breadcrumb\"},\"inLanguage\":\"de\",\"potentialAction\":[{\"@type\":\"ReadAction\",\"target\":[\"https:\/\/www.eussifruit.eu\/school-fruit\/\"]}]},{\"@type\":\"BreadcrumbList\",\"@id\":\"https:\/\/www.eussifruit.eu\/school-fruit\/#breadcrumb\",\"itemListElement\":[{\"@type\":\"ListItem\",\"position\":1,\"name\":\"Home\",\"item\":\"https:\/\/www.eussifruit.eu\/\"},{\"@type\":\"ListItem\",\"position\":2,\"name\":\"Schoolfruit\"}]},{\"@type\":\"WebSite\",\"@id\":\"https:\/\/www.eussifruit.eu\/de\/#website\",\"url\":\"https:\/\/www.eussifruit.eu\/de\/\",\"name\":\"Eussifruit\",\"description\":\"groothandel gespecialiseerd in Aardappelen, Groenten en Fruit, gesneden producten.\",\"publisher\":{\"@id\":\"https:\/\/www.eussifruit.eu\/de\/#organization\"},\"potentialAction\":[{\"@type\":\"SearchAction\",\"target\":{\"@type\":\"EntryPoint\",\"urlTemplate\":\"https:\/\/www.eussifruit.eu\/de\/?s={search_term_string}\"},\"query-input\":{\"@type\":\"PropertyValueSpecification\",\"valueRequired\":true,\"valueName\":\"search_term_string\"}}],\"inLanguage\":\"de\"},{\"@type\":\"Organization\",\"@id\":\"https:\/\/www.eussifruit.eu\/de\/#organization\",\"name\":\"Eussifruit\",\"url\":\"https:\/\/www.eussifruit.eu\/de\/\",\"logo\":{\"@type\":\"ImageObject\",\"inLanguage\":\"de\",\"@id\":\"https:\/\/www.eussifruit.eu\/de\/#\/schema\/logo\/image\/\",\"url\":\"https:\/\/www.eussifruit.eu\/wp-content\/uploads\/2015\/03\/EussiFruit_logo2.png\",\"contentUrl\":\"https:\/\/www.eussifruit.eu\/wp-content\/uploads\/2015\/03\/EussiFruit_logo2.png\",\"width\":564,\"height\":132,\"caption\":\"Eussifruit\"},\"image\":{\"@id\":\"https:\/\/www.eussifruit.eu\/de\/#\/schema\/logo\/image\/\"}}]}<\/script>\n<!-- \/ Yoast SEO plugin. -->","yoast_head_json":{"title":"Schoolfruit - Eussifruit","robots":{"index":"index","follow":"follow","max-snippet":"max-snippet:-1","max-image-preview":"max-image-preview:large","max-video-preview":"max-video-preview:-1"},"canonical":"https:\/\/www.eussifruit.eu\/de\/school-fruit\/","og_locale":"de_DE","og_type":"article","og_title":"Schoolfruit - Eussifruit","og_description":"[et_pb_section fb_built=&#8221;1&#8243; _builder_version=&#8221;4.9.3&#8243; _module_preset=&#8221;default&#8221; background_image=&#8221;https:\/\/www.eussifruit.eu\/wp-content\/uploads\/2021\/04\/schoolfruit1.jpg&#8221; module_alignment=&#8221;center&#8221; custom_padding=&#8221;186px||186px||true|false&#8221; border_width_bottom=&#8221;3px&#8221; border_color_bottom=&#8221;#006631&#8243;][et_pb_row _builder_version=&#8221;4.9.3&#8243; _module_preset=&#8221;default&#8221;][et_pb_column type=&#8221;4_4&#8243; _builder_version=&#8221;4.9.3&#8243; _module_preset=&#8221;default&#8221;][et_pb_text _builder_version=&#8221;4.9.3&#8243; _module_preset=&#8221;default&#8221; header_font=&#8221;Poppins|700|||||||&#8221; header_text_color=&#8221;#f7fff7&#8243; header_font_size=&#8221;71px&#8221; hover_enabled=&#8221;0&#8243; header_text_shadow_style=&#8221;preset1&#8243; sticky_enabled=&#8221;0&#8243;] Schoolfruit [\/et_pb_text][\/et_pb_column][\/et_pb_row][\/et_pb_section][et_pb_section fb_built=&#8221;1&#8243; admin_label=&#8221;section&#8221; _builder_version=&#8221;4.9.3&#8243; border_color_bottom=&#8221;#006631&#8243;][et_pb_row admin_label=&#8221;row&#8221; _builder_version=&#8221;3.25&#8243; background_size=&#8221;initial&#8221; background_position=&#8221;top_left&#8221; background_repeat=&#8221;repeat&#8221;][et_pb_column type=&#8221;4_4&#8243; _builder_version=&#8221;3.25&#8243; custom_padding=&#8221;|||&#8221; custom_padding__hover=&#8221;|||&#8221;][et_pb_text admin_label=&#8221;Text&#8221; _builder_version=&#8221;4.9.3&#8243; text_font=&#8221;Poppins||||||||&#8221; text_font_size=&#8221;15px&#8221; text_line_height=&#8221;1.8em&#8221; header_3_font_size=&#8221;23px&#8221; background_size=&#8221;initial&#8221; background_position=&#8221;top_left&#8221; background_repeat=&#8221;repeat&#8221;] Schoolfruit Fruit is niet alleen heel lekker, het is [&hellip;]","og_url":"https:\/\/www.eussifruit.eu\/de\/school-fruit\/","og_site_name":"Eussifruit","article_modified_time":"2021-04-17T16:48:21+00:00","twitter_card":"summary_large_image","twitter_misc":{"Gesch\u00e4tzte Lesezeit":"2\u00a0Minuten"},"schema":{"@context":"https:\/\/schema.org","@graph":[{"@type":"WebPage","@id":"https:\/\/www.eussifruit.eu\/school-fruit\/","url":"https:\/\/www.eussifruit.eu\/school-fruit\/","name":"Schoolfruit - Eussifruit","isPartOf":{"@id":"https:\/\/www.eussifruit.eu\/de\/#website"},"datePublished":"2015-04-08T19:02:01+00:00","dateModified":"2021-04-17T16:48:21+00:00","breadcrumb":{"@id":"https:\/\/www.eussifruit.eu\/school-fruit\/#breadcrumb"},"inLanguage":"de","potentialAction":[{"@type":"ReadAction","target":["https:\/\/www.eussifruit.eu\/school-fruit\/"]}]},{"@type":"BreadcrumbList","@id":"https:\/\/www.eussifruit.eu\/school-fruit\/#breadcrumb","itemListElement":[{"@type":"ListItem","position":1,"name":"Home","item":"https:\/\/www.eussifruit.eu\/"},{"@type":"ListItem","position":2,"name":"Schoolfruit"}]},{"@type":"WebSite","@id":"https:\/\/www.eussifruit.eu\/de\/#website","url":"https:\/\/www.eussifruit.eu\/de\/","name":"Eussifruit","description":"groothandel gespecialiseerd in Aardappelen, Groenten en Fruit, gesneden producten.","publisher":{"@id":"https:\/\/www.eussifruit.eu\/de\/#organization"},"potentialAction":[{"@type":"SearchAction","target":{"@type":"EntryPoint","urlTemplate":"https:\/\/www.eussifruit.eu\/de\/?s={search_term_string}"},"query-input":{"@type":"PropertyValueSpecification","valueRequired":true,"valueName":"search_term_string"}}],"inLanguage":"de"},{"@type":"Organization","@id":"https:\/\/www.eussifruit.eu\/de\/#organization","name":"Eussifruit","url":"https:\/\/www.eussifruit.eu\/de\/","logo":{"@type":"ImageObject","inLanguage":"de","@id":"https:\/\/www.eussifruit.eu\/de\/#\/schema\/logo\/image\/","url":"https:\/\/www.eussifruit.eu\/wp-content\/uploads\/2015\/03\/EussiFruit_logo2.png","contentUrl":"https:\/\/www.eussifruit.eu\/wp-content\/uploads\/2015\/03\/EussiFruit_logo2.png","width":564,"height":132,"caption":"Eussifruit"},"image":{"@id":"https:\/\/www.eussifruit.eu\/de\/#\/schema\/logo\/image\/"}}]}},"_links":{"self":[{"href":"https:\/\/www.eussifruit.eu\/de\/wp-json\/wp\/v2\/pages\/2511","targetHints":{"allow":["GET"]}}],"collection":[{"href":"https:\/\/www.eussifruit.eu\/de\/wp-json\/wp\/v2\/pages"}],"about":[{"href":"https:\/\/www.eussifruit.eu\/de\/wp-json\/wp\/v2\/types\/page"}],"author":[{"embeddable":true,"href":"https:\/\/www.eussifruit.eu\/de\/wp-json\/wp\/v2\/users\/1"}],"replies":[{"embeddable":true,"href":"https:\/\/www.eussifruit.eu\/de\/wp-json\/wp\/v2\/comments?post=2511"}],"version-history":[{"count":43,"href":"https:\/\/www.eussifruit.eu\/de\/wp-json\/wp\/v2\/pages\/2511\/revisions"}],"predecessor-version":[{"id":21774,"href":"https:\/\/www.eussifruit.eu\/de\/wp-json\/wp\/v2\/pages\/2511\/revisions\/21774"}],"wp:attachment":[{"href":"https:\/\/www.eussifruit.eu\/de\/wp-json\/wp\/v2\/media?parent=2511"}],"curies":[{"name":"wp","href":"https:\/\/api.w.org\/{rel}","templated":true}]}}