{"id":2394,"date":"2015-03-15T15:41:57","date_gmt":"2015-03-15T14:41:57","guid":{"rendered":"http:\/\/www.eussifruit.eu\/2015\/?page_id=2394"},"modified":"2021-04-17T17:26:52","modified_gmt":"2021-04-17T16:26:52","slug":"snijderij-2","status":"publish","type":"page","link":"https:\/\/www.eussifruit.eu\/de\/snijderij-2\/","title":{"rendered":"Schneidek\u00fcche"},"content":{"rendered":"<p>[et_pb_section fb_built=&#8221;1&#8243; _builder_version=&#8221;4.9.3&#8243; _module_preset=&#8221;default&#8221; background_image=&#8221;https:\/\/www.eussifruit.eu\/wp-content\/uploads\/2021\/04\/snijkeuken-scaled.jpg&#8221; module_alignment=&#8221;center&#8221; custom_padding=&#8221;186px||186px||true|false&#8221; hover_enabled=&#8221;0&#8243; background_size=&#8221;initial&#8221; sticky_enabled=&#8221;0&#8243; title_text=&#8221;snijkeuken&#8221; border_width_bottom=&#8221;3px&#8221; border_color_bottom=&#8221;#006631&#8243;][et_pb_row _builder_version=&#8221;4.9.3&#8243; _module_preset=&#8221;default&#8221;][et_pb_column type=&#8221;4_4&#8243; _builder_version=&#8221;4.9.3&#8243; _module_preset=&#8221;default&#8221;][et_pb_text _builder_version=&#8221;4.9.3&#8243; _module_preset=&#8221;default&#8221; header_font=&#8221;Poppins|700|||||||&#8221; header_text_color=&#8221;#EDF2F4&#8243; header_font_size=&#8221;57px&#8221; hover_enabled=&#8221;0&#8243; header_text_shadow_style=&#8221;preset1&#8243; sticky_enabled=&#8221;0&#8243;]<\/p>\n<h1>Schneidek\u00fcche<\/h1>\n<p>[\/et_pb_text][\/et_pb_column][\/et_pb_row][\/et_pb_section][et_pb_section fb_built=&#8221;1&#8243; admin_label=&#8221;section&#8221; _builder_version=&#8221;3.22&#8243;][et_pb_row admin_label=&#8221;row&#8221; _builder_version=&#8221;3.25&#8243; background_size=&#8221;initial&#8221; background_position=&#8221;top_left&#8221; background_repeat=&#8221;repeat&#8221;][et_pb_column type=&#8221;4_4&#8243; _builder_version=&#8221;3.25&#8243; custom_padding=&#8221;|||&#8221; custom_padding__hover=&#8221;|||&#8221;][et_pb_text admin_label=&#8221;Text&#8221; _builder_version=&#8221;4.9.3&#8243; text_font=&#8221;Poppins||||||||&#8221; text_font_size=&#8221;15px&#8221; text_line_height=&#8221;1.8em&#8221; header_font=&#8221;Poppins||||||||&#8221; header_3_font_size=&#8221;25px&#8221; background_size=&#8221;initial&#8221; background_position=&#8221;top_left&#8221; background_repeat=&#8221;repeat&#8221;]<\/p>\n<h3>Schneidek\u00fcche<\/h3>\n<p>Eussifruit ist mehr als nur ein Gro\u00dfh\u00e4ndler. Aufgrund der steigenden Nachfrage nach vorgeschnittenem Gem\u00fcse hat das Unternehmen eine spezielle Schneidek\u00fcche eingerichtet. In der Schneidek\u00fcche wird das Gem\u00fcse geschnitten, gewaschen, getrocknet, portioniert, gewogen und verpackt. Die Endprodukte sind ebenfalls gekennzeichnet. Und das alles nach den strengen zertifizierten IFS-Standards.<\/p>\n<p>[\/et_pb_text][\/et_pb_column][\/et_pb_row][\/et_pb_section]<\/p>","protected":false},"excerpt":{"rendered":"<p>[et_pb_section fb_built=&#8221;1&#8243; _builder_version=&#8221;4.9.3&#8243; _module_preset=&#8221;default&#8221; background_image=&#8221;https:\/\/www.eussifruit.eu\/wp-content\/uploads\/2021\/04\/snijkeuken-scaled.jpg&#8221; module_alignment=&#8221;center&#8221; custom_padding=&#8221;186px||186px||true|false&#8221; hover_enabled=&#8221;0&#8243; background_size=&#8221;initial&#8221; sticky_enabled=&#8221;0&#8243; title_text=&#8221;snijkeuken&#8221; border_width_bottom=&#8221;3px&#8221; border_color_bottom=&#8221;#006631&#8243;][et_pb_row _builder_version=&#8221;4.9.3&#8243; _module_preset=&#8221;default&#8221;][et_pb_column type=&#8221;4_4&#8243; _builder_version=&#8221;4.9.3&#8243; _module_preset=&#8221;default&#8221;][et_pb_text _builder_version=&#8221;4.9.3&#8243; _module_preset=&#8221;default&#8221; header_font=&#8221;Poppins|700|||||||&#8221; header_text_color=&#8221;#EDF2F4&#8243; header_font_size=&#8221;57px&#8221; hover_enabled=&#8221;0&#8243; header_text_shadow_style=&#8221;preset1&#8243; sticky_enabled=&#8221;0&#8243;] Snijkeuken [\/et_pb_text][\/et_pb_column][\/et_pb_row][\/et_pb_section][et_pb_section fb_built=&#8221;1&#8243; admin_label=&#8221;section&#8221; _builder_version=&#8221;3.22&#8243;][et_pb_row admin_label=&#8221;row&#8221; _builder_version=&#8221;3.25&#8243; background_size=&#8221;initial&#8221; background_position=&#8221;top_left&#8221; background_repeat=&#8221;repeat&#8221;][et_pb_column type=&#8221;4_4&#8243; _builder_version=&#8221;3.25&#8243; custom_padding=&#8221;|||&#8221; custom_padding__hover=&#8221;|||&#8221;][et_pb_text admin_label=&#8221;Text&#8221; _builder_version=&#8221;4.9.3&#8243; text_font=&#8221;Poppins||||||||&#8221; text_font_size=&#8221;15px&#8221; text_line_height=&#8221;1.8em&#8221; header_font=&#8221;Poppins||||||||&#8221; header_3_font_size=&#8221;25px&#8221; background_size=&#8221;initial&#8221; background_position=&#8221;top_left&#8221; background_repeat=&#8221;repeat&#8221;] Snijkeuken Eussifuit meer dan alleen [&hellip;]<\/p>","protected":false},"author":1,"featured_media":0,"parent":0,"menu_order":0,"comment_status":"closed","ping_status":"open","template":"","meta":{"_et_pb_use_builder":"on","_et_pb_old_content":"[vc_row][vc_column width=\"1\/2\"][vc_column_text animation=\"no_animation\"]\r\n<h3>Snijkeuken<\/h3>\r\nEussifuit meer dan alleen een groothandel. Zo heeft het bedrijf door de toenemende vraag naar voorgesneden groenten een speciale snijkeuken ingericht. In de snijkeuken wordt gesneden, gewassen, gedroogd, geportioneerd, gewogen en verpakt. De eindproducten worden bovendien van een etiket voorzien. En dat allemaal volgens de streng gecertificeerde IFS normen.[\/vc_column_text][\/vc_column][vc_column width=\"1\/2\"][vc_images_carousel images=\"2715,2716,2717,2718\" onclick=\"link_image\" custom_links_target=\"_self\" mode=\"horizontal\" speed=\"2000\" slides_per_view=\"1\" autoplay=\"yes\" hide_pagination_control=\"\" hide_prev_next_buttons=\"\" partial_view=\"\" wrap=\"yes\" img_size=\"500x500\"][\/vc_column][\/vc_row]","_et_gb_content_width":"","footnotes":""},"class_list":["post-2394","page","type-page","status-publish","hentry"],"yoast_head":"<!-- This site is optimized with the Yoast SEO plugin v23.6 - https:\/\/yoast.com\/wordpress\/plugins\/seo\/ -->\n<title>Snijkeuken - Eussifruit<\/title>\n<meta name=\"robots\" content=\"index, follow, max-snippet:-1, max-image-preview:large, max-video-preview:-1\" \/>\n<link rel=\"canonical\" href=\"https:\/\/www.eussifruit.eu\/de\/snijderij-2\/\" \/>\n<meta property=\"og:locale\" content=\"de_DE\" \/>\n<meta property=\"og:type\" content=\"article\" \/>\n<meta property=\"og:title\" content=\"Snijkeuken - Eussifruit\" \/>\n<meta property=\"og:description\" content=\"[et_pb_section fb_built=&#8221;1&#8243; _builder_version=&#8221;4.9.3&#8243; _module_preset=&#8221;default&#8221; background_image=&#8221;https:\/\/www.eussifruit.eu\/wp-content\/uploads\/2021\/04\/snijkeuken-scaled.jpg&#8221; module_alignment=&#8221;center&#8221; custom_padding=&#8221;186px||186px||true|false&#8221; hover_enabled=&#8221;0&#8243; background_size=&#8221;initial&#8221; sticky_enabled=&#8221;0&#8243; title_text=&#8221;snijkeuken&#8221; border_width_bottom=&#8221;3px&#8221; border_color_bottom=&#8221;#006631&#8243;][et_pb_row _builder_version=&#8221;4.9.3&#8243; _module_preset=&#8221;default&#8221;][et_pb_column type=&#8221;4_4&#8243; _builder_version=&#8221;4.9.3&#8243; _module_preset=&#8221;default&#8221;][et_pb_text _builder_version=&#8221;4.9.3&#8243; _module_preset=&#8221;default&#8221; header_font=&#8221;Poppins|700|||||||&#8221; header_text_color=&#8221;#EDF2F4&#8243; header_font_size=&#8221;57px&#8221; hover_enabled=&#8221;0&#8243; header_text_shadow_style=&#8221;preset1&#8243; sticky_enabled=&#8221;0&#8243;] Snijkeuken [\/et_pb_text][\/et_pb_column][\/et_pb_row][\/et_pb_section][et_pb_section fb_built=&#8221;1&#8243; admin_label=&#8221;section&#8221; _builder_version=&#8221;3.22&#8243;][et_pb_row admin_label=&#8221;row&#8221; _builder_version=&#8221;3.25&#8243; background_size=&#8221;initial&#8221; background_position=&#8221;top_left&#8221; background_repeat=&#8221;repeat&#8221;][et_pb_column type=&#8221;4_4&#8243; _builder_version=&#8221;3.25&#8243; custom_padding=&#8221;|||&#8221; custom_padding__hover=&#8221;|||&#8221;][et_pb_text admin_label=&#8221;Text&#8221; _builder_version=&#8221;4.9.3&#8243; text_font=&#8221;Poppins||||||||&#8221; text_font_size=&#8221;15px&#8221; text_line_height=&#8221;1.8em&#8221; header_font=&#8221;Poppins||||||||&#8221; header_3_font_size=&#8221;25px&#8221; background_size=&#8221;initial&#8221; background_position=&#8221;top_left&#8221; background_repeat=&#8221;repeat&#8221;] Snijkeuken Eussifuit meer dan alleen [&hellip;]\" \/>\n<meta property=\"og:url\" content=\"https:\/\/www.eussifruit.eu\/de\/snijderij-2\/\" \/>\n<meta property=\"og:site_name\" content=\"Eussifruit\" \/>\n<meta property=\"article:modified_time\" content=\"2021-04-17T16:26:52+00:00\" \/>\n<meta name=\"twitter:card\" content=\"summary_large_image\" \/>\n<meta name=\"twitter:label1\" content=\"Gesch\u00e4tzte Lesezeit\" \/>\n\t<meta name=\"twitter:data1\" content=\"1\u00a0Minute\" \/>\n<script type=\"application\/ld+json\" class=\"yoast-schema-graph\">{\"@context\":\"https:\/\/schema.org\",\"@graph\":[{\"@type\":\"WebPage\",\"@id\":\"https:\/\/www.eussifruit.eu\/snijderij-2\/\",\"url\":\"https:\/\/www.eussifruit.eu\/snijderij-2\/\",\"name\":\"Snijkeuken - Eussifruit\",\"isPartOf\":{\"@id\":\"https:\/\/www.eussifruit.eu\/de\/#website\"},\"datePublished\":\"2015-03-15T14:41:57+00:00\",\"dateModified\":\"2021-04-17T16:26:52+00:00\",\"breadcrumb\":{\"@id\":\"https:\/\/www.eussifruit.eu\/snijderij-2\/#breadcrumb\"},\"inLanguage\":\"de\",\"potentialAction\":[{\"@type\":\"ReadAction\",\"target\":[\"https:\/\/www.eussifruit.eu\/snijderij-2\/\"]}]},{\"@type\":\"BreadcrumbList\",\"@id\":\"https:\/\/www.eussifruit.eu\/snijderij-2\/#breadcrumb\",\"itemListElement\":[{\"@type\":\"ListItem\",\"position\":1,\"name\":\"Home\",\"item\":\"https:\/\/www.eussifruit.eu\/\"},{\"@type\":\"ListItem\",\"position\":2,\"name\":\"Snijkeuken\"}]},{\"@type\":\"WebSite\",\"@id\":\"https:\/\/www.eussifruit.eu\/de\/#website\",\"url\":\"https:\/\/www.eussifruit.eu\/de\/\",\"name\":\"Eussifruit\",\"description\":\"groothandel gespecialiseerd in Aardappelen, Groenten en Fruit, gesneden producten.\",\"publisher\":{\"@id\":\"https:\/\/www.eussifruit.eu\/de\/#organization\"},\"potentialAction\":[{\"@type\":\"SearchAction\",\"target\":{\"@type\":\"EntryPoint\",\"urlTemplate\":\"https:\/\/www.eussifruit.eu\/de\/?s={search_term_string}\"},\"query-input\":{\"@type\":\"PropertyValueSpecification\",\"valueRequired\":true,\"valueName\":\"search_term_string\"}}],\"inLanguage\":\"de\"},{\"@type\":\"Organization\",\"@id\":\"https:\/\/www.eussifruit.eu\/de\/#organization\",\"name\":\"Eussifruit\",\"url\":\"https:\/\/www.eussifruit.eu\/de\/\",\"logo\":{\"@type\":\"ImageObject\",\"inLanguage\":\"de\",\"@id\":\"https:\/\/www.eussifruit.eu\/de\/#\/schema\/logo\/image\/\",\"url\":\"https:\/\/www.eussifruit.eu\/wp-content\/uploads\/2015\/03\/EussiFruit_logo2.png\",\"contentUrl\":\"https:\/\/www.eussifruit.eu\/wp-content\/uploads\/2015\/03\/EussiFruit_logo2.png\",\"width\":564,\"height\":132,\"caption\":\"Eussifruit\"},\"image\":{\"@id\":\"https:\/\/www.eussifruit.eu\/de\/#\/schema\/logo\/image\/\"}}]}<\/script>\n<!-- \/ Yoast SEO plugin. -->","yoast_head_json":{"title":"Snijkeuken - Eussifruit","robots":{"index":"index","follow":"follow","max-snippet":"max-snippet:-1","max-image-preview":"max-image-preview:large","max-video-preview":"max-video-preview:-1"},"canonical":"https:\/\/www.eussifruit.eu\/de\/snijderij-2\/","og_locale":"de_DE","og_type":"article","og_title":"Snijkeuken - Eussifruit","og_description":"[et_pb_section fb_built=&#8221;1&#8243; _builder_version=&#8221;4.9.3&#8243; _module_preset=&#8221;default&#8221; background_image=&#8221;https:\/\/www.eussifruit.eu\/wp-content\/uploads\/2021\/04\/snijkeuken-scaled.jpg&#8221; module_alignment=&#8221;center&#8221; custom_padding=&#8221;186px||186px||true|false&#8221; hover_enabled=&#8221;0&#8243; background_size=&#8221;initial&#8221; sticky_enabled=&#8221;0&#8243; title_text=&#8221;snijkeuken&#8221; border_width_bottom=&#8221;3px&#8221; border_color_bottom=&#8221;#006631&#8243;][et_pb_row _builder_version=&#8221;4.9.3&#8243; _module_preset=&#8221;default&#8221;][et_pb_column type=&#8221;4_4&#8243; _builder_version=&#8221;4.9.3&#8243; _module_preset=&#8221;default&#8221;][et_pb_text _builder_version=&#8221;4.9.3&#8243; _module_preset=&#8221;default&#8221; header_font=&#8221;Poppins|700|||||||&#8221; header_text_color=&#8221;#EDF2F4&#8243; header_font_size=&#8221;57px&#8221; hover_enabled=&#8221;0&#8243; header_text_shadow_style=&#8221;preset1&#8243; sticky_enabled=&#8221;0&#8243;] Snijkeuken [\/et_pb_text][\/et_pb_column][\/et_pb_row][\/et_pb_section][et_pb_section fb_built=&#8221;1&#8243; admin_label=&#8221;section&#8221; _builder_version=&#8221;3.22&#8243;][et_pb_row admin_label=&#8221;row&#8221; _builder_version=&#8221;3.25&#8243; background_size=&#8221;initial&#8221; background_position=&#8221;top_left&#8221; background_repeat=&#8221;repeat&#8221;][et_pb_column type=&#8221;4_4&#8243; _builder_version=&#8221;3.25&#8243; custom_padding=&#8221;|||&#8221; custom_padding__hover=&#8221;|||&#8221;][et_pb_text admin_label=&#8221;Text&#8221; _builder_version=&#8221;4.9.3&#8243; text_font=&#8221;Poppins||||||||&#8221; text_font_size=&#8221;15px&#8221; text_line_height=&#8221;1.8em&#8221; header_font=&#8221;Poppins||||||||&#8221; header_3_font_size=&#8221;25px&#8221; background_size=&#8221;initial&#8221; background_position=&#8221;top_left&#8221; background_repeat=&#8221;repeat&#8221;] Snijkeuken Eussifuit meer dan alleen [&hellip;]","og_url":"https:\/\/www.eussifruit.eu\/de\/snijderij-2\/","og_site_name":"Eussifruit","article_modified_time":"2021-04-17T16:26:52+00:00","twitter_card":"summary_large_image","twitter_misc":{"Gesch\u00e4tzte Lesezeit":"1\u00a0Minute"},"schema":{"@context":"https:\/\/schema.org","@graph":[{"@type":"WebPage","@id":"https:\/\/www.eussifruit.eu\/snijderij-2\/","url":"https:\/\/www.eussifruit.eu\/snijderij-2\/","name":"Snijkeuken - Eussifruit","isPartOf":{"@id":"https:\/\/www.eussifruit.eu\/de\/#website"},"datePublished":"2015-03-15T14:41:57+00:00","dateModified":"2021-04-17T16:26:52+00:00","breadcrumb":{"@id":"https:\/\/www.eussifruit.eu\/snijderij-2\/#breadcrumb"},"inLanguage":"de","potentialAction":[{"@type":"ReadAction","target":["https:\/\/www.eussifruit.eu\/snijderij-2\/"]}]},{"@type":"BreadcrumbList","@id":"https:\/\/www.eussifruit.eu\/snijderij-2\/#breadcrumb","itemListElement":[{"@type":"ListItem","position":1,"name":"Home","item":"https:\/\/www.eussifruit.eu\/"},{"@type":"ListItem","position":2,"name":"Snijkeuken"}]},{"@type":"WebSite","@id":"https:\/\/www.eussifruit.eu\/de\/#website","url":"https:\/\/www.eussifruit.eu\/de\/","name":"Eussifruit","description":"groothandel gespecialiseerd in Aardappelen, Groenten en Fruit, gesneden producten.","publisher":{"@id":"https:\/\/www.eussifruit.eu\/de\/#organization"},"potentialAction":[{"@type":"SearchAction","target":{"@type":"EntryPoint","urlTemplate":"https:\/\/www.eussifruit.eu\/de\/?s={search_term_string}"},"query-input":{"@type":"PropertyValueSpecification","valueRequired":true,"valueName":"search_term_string"}}],"inLanguage":"de"},{"@type":"Organization","@id":"https:\/\/www.eussifruit.eu\/de\/#organization","name":"Eussifruit","url":"https:\/\/www.eussifruit.eu\/de\/","logo":{"@type":"ImageObject","inLanguage":"de","@id":"https:\/\/www.eussifruit.eu\/de\/#\/schema\/logo\/image\/","url":"https:\/\/www.eussifruit.eu\/wp-content\/uploads\/2015\/03\/EussiFruit_logo2.png","contentUrl":"https:\/\/www.eussifruit.eu\/wp-content\/uploads\/2015\/03\/EussiFruit_logo2.png","width":564,"height":132,"caption":"Eussifruit"},"image":{"@id":"https:\/\/www.eussifruit.eu\/de\/#\/schema\/logo\/image\/"}}]}},"_links":{"self":[{"href":"https:\/\/www.eussifruit.eu\/de\/wp-json\/wp\/v2\/pages\/2394","targetHints":{"allow":["GET"]}}],"collection":[{"href":"https:\/\/www.eussifruit.eu\/de\/wp-json\/wp\/v2\/pages"}],"about":[{"href":"https:\/\/www.eussifruit.eu\/de\/wp-json\/wp\/v2\/types\/page"}],"author":[{"embeddable":true,"href":"https:\/\/www.eussifruit.eu\/de\/wp-json\/wp\/v2\/users\/1"}],"replies":[{"embeddable":true,"href":"https:\/\/www.eussifruit.eu\/de\/wp-json\/wp\/v2\/comments?post=2394"}],"version-history":[{"count":14,"href":"https:\/\/www.eussifruit.eu\/de\/wp-json\/wp\/v2\/pages\/2394\/revisions"}],"predecessor-version":[{"id":21766,"href":"https:\/\/www.eussifruit.eu\/de\/wp-json\/wp\/v2\/pages\/2394\/revisions\/21766"}],"wp:attachment":[{"href":"https:\/\/www.eussifruit.eu\/de\/wp-json\/wp\/v2\/media?parent=2394"}],"curies":[{"name":"wp","href":"https:\/\/api.w.org\/{rel}","templated":true}]}}