{"id":2372,"date":"2015-03-15T14:58:11","date_gmt":"2015-03-15T13:58:11","guid":{"rendered":"http:\/\/www.eussifruit.eu\/2015\/?page_id=2372"},"modified":"2021-04-17T17:44:09","modified_gmt":"2021-04-17T16:44:09","slug":"klanten","status":"publish","type":"page","link":"https:\/\/www.eussifruit.eu\/de\/klanten\/","title":{"rendered":"Kunden"},"content":{"rendered":"<p>[et_pb_section fb_built=&#8221;1&#8243; _builder_version=&#8221;4.9.3&#8243; _module_preset=&#8221;default&#8221; background_image=&#8221;https:\/\/www.eussifruit.eu\/wp-content\/uploads\/2021\/04\/man-preparing-vegetarian-and-vegan-food-table-full-XZ3KUW6-2-scaled.jpg&#8221; module_alignment=&#8221;center&#8221; custom_padding=&#8221;186px||186px||true|false&#8221; hover_enabled=&#8221;0&#8243; title_text=&#8221;man-preparing-vegetarian-and-vegan-food-table-full-XZ3KUW6-2&#8243; sticky_enabled=&#8221;0&#8243; border_width_bottom=&#8221;3px&#8221; border_color_bottom=&#8221;#006631&#8243;][et_pb_row _builder_version=&#8221;4.9.3&#8243; _module_preset=&#8221;default&#8221;][et_pb_column type=&#8221;4_4&#8243; _builder_version=&#8221;4.9.3&#8243; _module_preset=&#8221;default&#8221;][et_pb_text _builder_version=&#8221;4.9.3&#8243; _module_preset=&#8221;default&#8221; header_font=&#8221;Poppins|700|||||||&#8221; header_text_color=&#8221;#EDF2F4&#8243; header_font_size=&#8221;52px&#8221; hover_enabled=&#8221;0&#8243; header_text_shadow_style=&#8221;preset1&#8243; sticky_enabled=&#8221;0&#8243;]<\/p>\n<h1>Unsere Kunden<\/h1>\n<p>[\/et_pb_text][\/et_pb_column][\/et_pb_row][\/et_pb_section][et_pb_section fb_built=&#8221;1&#8243; admin_label=&#8221;section&#8221; _builder_version=&#8221;3.22&#8243;][et_pb_row admin_label=&#8221;row&#8221; _builder_version=&#8221;3.25&#8243; background_size=&#8221;initial&#8221; background_position=&#8221;top_left&#8221; background_repeat=&#8221;repeat&#8221;][et_pb_column type=&#8221;4_4&#8243; _builder_version=&#8221;3.25&#8243; custom_padding=&#8221;|||&#8221; custom_padding__hover=&#8221;|||&#8221;][et_pb_text admin_label=&#8221;Text&#8221; _builder_version=&#8221;4.9.3&#8243; text_font=&#8221;Poppins||||||||&#8221; text_font_size=&#8221;15px&#8221; text_line_height=&#8221;1.8em&#8221; background_size=&#8221;initial&#8221; background_position=&#8221;top_left&#8221; background_repeat=&#8221;repeat&#8221; hover_enabled=&#8221;0&#8243; sticky_enabled=&#8221;0&#8243;]<\/p>\n<h3>Unsere Kunden<\/h3>\n<p>Eussifruit hat nicht nur eine breite Palette von Lieferanten, sondern auch einen sehr vielf\u00e4ltigen Kundenstamm. Diese reichen vom typischen Gem\u00fcseladen, mehreren unabh\u00e4ngigen Superm\u00e4rkten, vielen Catering-Unternehmen, Stra\u00dfenh\u00e4ndlern, Marktverk\u00e4ufern und so weiter. Es sind zu viele, um sie alle zu erw\u00e4hnen. Wir haben viele langj\u00e4hrige Kundenbeziehungen, das zeigt, dass unsere Kunden mit unseren Produkten und unserem Service zufrieden sind.<\/p>\n<p>&nbsp;<\/p>\n<p>[\/et_pb_text][\/et_pb_column][\/et_pb_row][et_pb_row column_structure=&#8221;1_4,1_4,1_4,1_4&#8243; _builder_version=&#8221;4.9.3&#8243; _module_preset=&#8221;default&#8221;][et_pb_column type=&#8221;1_4&#8243; _builder_version=&#8221;4.9.3&#8243; _module_preset=&#8221;default&#8221;][et_pb_image src=&#8221;https:\/\/www.eussifruit.eu\/wp-content\/uploads\/2021\/04\/chinees.jpg&#8221; title_text=&#8221;chinees&#8221; _builder_version=&#8221;4.9.3&#8243; _module_preset=&#8221;default&#8221; hover_enabled=&#8221;0&#8243; border_width_all=&#8221;1px&#8221; border_color_all=&#8221;#006631&#8243; sticky_enabled=&#8221;0&#8243;][\/et_pb_image][\/et_pb_column][et_pb_column type=&#8221;1_4&#8243; _builder_version=&#8221;4.9.3&#8243; _module_preset=&#8221;default&#8221;][et_pb_image src=&#8221;https:\/\/www.eussifruit.eu\/wp-content\/uploads\/2021\/04\/achtbaan.jpg&#8221; title_text=&#8221;achtbaan&#8221; _builder_version=&#8221;4.9.3&#8243; _module_preset=&#8221;default&#8221; hover_enabled=&#8221;0&#8243; border_width_all=&#8221;1px&#8221; border_color_all=&#8221;#006631&#8243; sticky_enabled=&#8221;0&#8243;][\/et_pb_image][\/et_pb_column][et_pb_column type=&#8221;1_4&#8243; _builder_version=&#8221;4.9.3&#8243; _module_preset=&#8221;default&#8221;][et_pb_text admin_label=&#8221;Text&#8221; _builder_version=&#8221;4.9.3&#8243; text_font=&#8221;Poppins||||||||&#8221; text_font_size=&#8221;15px&#8221; text_line_height=&#8221;1.8em&#8221; background_size=&#8221;initial&#8221; background_position=&#8221;top_left&#8221; background_repeat=&#8221;repeat&#8221; hover_enabled=&#8221;0&#8243; width=&#8221;110%&#8221; custom_margin=&#8221;|-67px||-8px||&#8221; custom_padding=&#8221;|0px||||&#8221; sticky_enabled=&#8221;0&#8243;]<\/p>\n<h3 style=\"text-align: left;\"><\/h3>\n<h3 style=\"text-align: left;\"><\/h3>\n<h3 style=\"text-align: left;\">Kunden von Eussifruit :<\/h3>\n<ul>\n<li style=\"text-align: left;\">Pflegeheime<\/li>\n<li style=\"text-align: left;\">Schulen und Hochschulen<\/li>\n<li style=\"text-align: left;\">Chinesische Restaurants<\/li>\n<li style=\"text-align: left;\">Restaurants<\/li>\n<li style=\"text-align: left;\">Hotel Unterkunft<\/li>\n<li style=\"text-align: left;\">Vergn\u00fcgungsparks<\/li>\n<li style=\"text-align: left;\">Zoos<\/li>\n<li style=\"text-align: left;\">Catering-Unternehmen<\/li>\n<li style=\"text-align: left;\">Caterer<\/li>\n<li style=\"text-align: left;\">Veranstaltungen &amp; Feste<\/li>\n<\/ul>\n<p>&nbsp;<\/p>\n<p>[\/et_pb_text][\/et_pb_column][et_pb_column type=&#8221;1_4&#8243; _builder_version=&#8221;4.9.3&#8243; _module_preset=&#8221;default&#8221;][et_pb_image src=&#8221;https:\/\/www.eussifruit.eu\/wp-content\/uploads\/2021\/04\/catering.jpg&#8221; title_text=&#8221;catering&#8221; _builder_version=&#8221;4.9.3&#8243; _module_preset=&#8221;default&#8221; hover_enabled=&#8221;0&#8243; border_width_all=&#8221;1px&#8221; border_color_all=&#8221;#006631&#8243; sticky_enabled=&#8221;0&#8243;][\/et_pb_image][\/et_pb_column][\/et_pb_row][\/et_pb_section]<\/p>","protected":false},"excerpt":{"rendered":"<p>[et_pb_section fb_built=&#8221;1&#8243; _builder_version=&#8221;4.9.3&#8243; _module_preset=&#8221;default&#8221; background_image=&#8221;https:\/\/www.eussifruit.eu\/wp-content\/uploads\/2021\/04\/man-preparing-vegetarian-and-vegan-food-table-full-XZ3KUW6-2-scaled.jpg&#8221; module_alignment=&#8221;center&#8221; custom_padding=&#8221;186px||186px||true|false&#8221; hover_enabled=&#8221;0&#8243; title_text=&#8221;man-preparing-vegetarian-and-vegan-food-table-full-XZ3KUW6-2&#8243; sticky_enabled=&#8221;0&#8243; border_width_bottom=&#8221;3px&#8221; border_color_bottom=&#8221;#006631&#8243;][et_pb_row _builder_version=&#8221;4.9.3&#8243; _module_preset=&#8221;default&#8221;][et_pb_column type=&#8221;4_4&#8243; _builder_version=&#8221;4.9.3&#8243; _module_preset=&#8221;default&#8221;][et_pb_text _builder_version=&#8221;4.9.3&#8243; _module_preset=&#8221;default&#8221; header_font=&#8221;Poppins|700|||||||&#8221; header_text_color=&#8221;#EDF2F4&#8243; header_font_size=&#8221;52px&#8221; hover_enabled=&#8221;0&#8243; header_text_shadow_style=&#8221;preset1&#8243; sticky_enabled=&#8221;0&#8243;] Onze klanten [\/et_pb_text][\/et_pb_column][\/et_pb_row][\/et_pb_section][et_pb_section fb_built=&#8221;1&#8243; admin_label=&#8221;section&#8221; _builder_version=&#8221;3.22&#8243;][et_pb_row admin_label=&#8221;row&#8221; _builder_version=&#8221;3.25&#8243; background_size=&#8221;initial&#8221; background_position=&#8221;top_left&#8221; background_repeat=&#8221;repeat&#8221;][et_pb_column type=&#8221;4_4&#8243; _builder_version=&#8221;3.25&#8243; custom_padding=&#8221;|||&#8221; custom_padding__hover=&#8221;|||&#8221;][et_pb_text admin_label=&#8221;Text&#8221; _builder_version=&#8221;4.9.3&#8243; text_font=&#8221;Poppins||||||||&#8221; text_font_size=&#8221;15px&#8221; text_line_height=&#8221;1.8em&#8221; background_size=&#8221;initial&#8221; background_position=&#8221;top_left&#8221; background_repeat=&#8221;repeat&#8221; hover_enabled=&#8221;0&#8243; sticky_enabled=&#8221;0&#8243;] Onze klanten Eussifruit heeft niet [&hellip;]<\/p>","protected":false},"author":1,"featured_media":0,"parent":0,"menu_order":0,"comment_status":"closed","ping_status":"open","template":"","meta":{"_et_pb_use_builder":"on","_et_pb_old_content":"[vc_row][vc_column width=\"1\/2\"][vc_column_text animation=\"fadeIn-1 blind\"]\r\n<h3>Onze klanten<\/h3>\r\nDe uitgebreide klantenkring van Eussifruit is net als het assortiment heel divers. Van groentespeciaalzaken tot hotels, van traiteurs tot scholen en van productiebedrijven tot supermarkten. Klanten kunnen bij Eussifruit zowel bewerkt als onbewerkt\u00a0 bestellen. Eussifruit houdt daarnaast rekening met bedrijven voor wie het moeilijk is om vooruit te bestellen en speelt daar zo flexibel mogelijk op in.[\/vc_column_text][vc_empty_space height=\"32px\"][vc_images_carousel images=\"2524,2523,2550,2551\" onclick=\"link_image\" custom_links_target=\"_self\" mode=\"horizontal\" speed=\"5000\" slides_per_view=\"1\" autoplay=\"yes\" hide_pagination_control=\"\" hide_prev_next_buttons=\"\" partial_view=\"\" wrap=\"yes\" img_size=\"520x350\"][\/vc_column][vc_column width=\"1\/2\"][vc_column_text animation=\"bounceInRight-1 blind\"]\r\n<h3 style=\"text-align: left;\">Klanten van Eussifruit :<\/h3>\r\n<ul>\r\n\t<li style=\"text-align: left;\">Verzorgingstehuizen<\/li>\r\n\t<li style=\"text-align: left;\">Scholen<\/li>\r\n\t<li style=\"text-align: left;\">Chinese Restaurants<\/li>\r\n\t<li style=\"text-align: left;\">Restaurants<\/li>\r\n\t<li style=\"text-align: left;\">Hotels<\/li>\r\n\t<li style=\"text-align: left;\">Pretparken<\/li>\r\n\t<li style=\"text-align: left;\">Dierentuinen<\/li>\r\n\t<li style=\"text-align: left;\">Cateringbedrijven<\/li>\r\n\t<li style=\"text-align: left;\">Traiteurs<\/li>\r\n\t<li style=\"text-align: left;\">Evenementen<\/li>\r\n<\/ul>\r\n[\/vc_column_text][\/vc_column][\/vc_row]","_et_gb_content_width":"","footnotes":""},"class_list":["post-2372","page","type-page","status-publish","hentry"],"yoast_head":"<!-- This site is optimized with the Yoast SEO plugin v23.6 - https:\/\/yoast.com\/wordpress\/plugins\/seo\/ -->\n<title>Klanten - Eussifruit<\/title>\n<meta name=\"robots\" content=\"index, follow, max-snippet:-1, max-image-preview:large, max-video-preview:-1\" \/>\n<link rel=\"canonical\" href=\"https:\/\/www.eussifruit.eu\/de\/klanten\/\" \/>\n<meta property=\"og:locale\" content=\"de_DE\" \/>\n<meta property=\"og:type\" content=\"article\" \/>\n<meta property=\"og:title\" content=\"Klanten - Eussifruit\" \/>\n<meta property=\"og:description\" content=\"[et_pb_section fb_built=&#8221;1&#8243; _builder_version=&#8221;4.9.3&#8243; _module_preset=&#8221;default&#8221; background_image=&#8221;https:\/\/www.eussifruit.eu\/wp-content\/uploads\/2021\/04\/man-preparing-vegetarian-and-vegan-food-table-full-XZ3KUW6-2-scaled.jpg&#8221; module_alignment=&#8221;center&#8221; custom_padding=&#8221;186px||186px||true|false&#8221; hover_enabled=&#8221;0&#8243; title_text=&#8221;man-preparing-vegetarian-and-vegan-food-table-full-XZ3KUW6-2&#8243; sticky_enabled=&#8221;0&#8243; border_width_bottom=&#8221;3px&#8221; border_color_bottom=&#8221;#006631&#8243;][et_pb_row _builder_version=&#8221;4.9.3&#8243; _module_preset=&#8221;default&#8221;][et_pb_column type=&#8221;4_4&#8243; _builder_version=&#8221;4.9.3&#8243; _module_preset=&#8221;default&#8221;][et_pb_text _builder_version=&#8221;4.9.3&#8243; _module_preset=&#8221;default&#8221; header_font=&#8221;Poppins|700|||||||&#8221; header_text_color=&#8221;#EDF2F4&#8243; header_font_size=&#8221;52px&#8221; hover_enabled=&#8221;0&#8243; header_text_shadow_style=&#8221;preset1&#8243; sticky_enabled=&#8221;0&#8243;] Onze klanten [\/et_pb_text][\/et_pb_column][\/et_pb_row][\/et_pb_section][et_pb_section fb_built=&#8221;1&#8243; admin_label=&#8221;section&#8221; _builder_version=&#8221;3.22&#8243;][et_pb_row admin_label=&#8221;row&#8221; _builder_version=&#8221;3.25&#8243; background_size=&#8221;initial&#8221; background_position=&#8221;top_left&#8221; background_repeat=&#8221;repeat&#8221;][et_pb_column type=&#8221;4_4&#8243; _builder_version=&#8221;3.25&#8243; custom_padding=&#8221;|||&#8221; custom_padding__hover=&#8221;|||&#8221;][et_pb_text admin_label=&#8221;Text&#8221; _builder_version=&#8221;4.9.3&#8243; text_font=&#8221;Poppins||||||||&#8221; text_font_size=&#8221;15px&#8221; text_line_height=&#8221;1.8em&#8221; background_size=&#8221;initial&#8221; background_position=&#8221;top_left&#8221; background_repeat=&#8221;repeat&#8221; hover_enabled=&#8221;0&#8243; sticky_enabled=&#8221;0&#8243;] Onze klanten Eussifruit heeft niet [&hellip;]\" \/>\n<meta property=\"og:url\" content=\"https:\/\/www.eussifruit.eu\/de\/klanten\/\" \/>\n<meta property=\"og:site_name\" content=\"Eussifruit\" \/>\n<meta property=\"article:modified_time\" content=\"2021-04-17T16:44:09+00:00\" \/>\n<meta name=\"twitter:card\" content=\"summary_large_image\" \/>\n<meta name=\"twitter:label1\" content=\"Gesch\u00e4tzte Lesezeit\" \/>\n\t<meta name=\"twitter:data1\" content=\"2\u00a0Minuten\" \/>\n<script type=\"application\/ld+json\" class=\"yoast-schema-graph\">{\"@context\":\"https:\/\/schema.org\",\"@graph\":[{\"@type\":\"WebPage\",\"@id\":\"https:\/\/www.eussifruit.eu\/klanten\/\",\"url\":\"https:\/\/www.eussifruit.eu\/klanten\/\",\"name\":\"Klanten - Eussifruit\",\"isPartOf\":{\"@id\":\"https:\/\/www.eussifruit.eu\/de\/#website\"},\"datePublished\":\"2015-03-15T13:58:11+00:00\",\"dateModified\":\"2021-04-17T16:44:09+00:00\",\"breadcrumb\":{\"@id\":\"https:\/\/www.eussifruit.eu\/klanten\/#breadcrumb\"},\"inLanguage\":\"de\",\"potentialAction\":[{\"@type\":\"ReadAction\",\"target\":[\"https:\/\/www.eussifruit.eu\/klanten\/\"]}]},{\"@type\":\"BreadcrumbList\",\"@id\":\"https:\/\/www.eussifruit.eu\/klanten\/#breadcrumb\",\"itemListElement\":[{\"@type\":\"ListItem\",\"position\":1,\"name\":\"Home\",\"item\":\"https:\/\/www.eussifruit.eu\/\"},{\"@type\":\"ListItem\",\"position\":2,\"name\":\"Klanten\"}]},{\"@type\":\"WebSite\",\"@id\":\"https:\/\/www.eussifruit.eu\/de\/#website\",\"url\":\"https:\/\/www.eussifruit.eu\/de\/\",\"name\":\"Eussifruit\",\"description\":\"groothandel gespecialiseerd in Aardappelen, Groenten en Fruit, gesneden producten.\",\"publisher\":{\"@id\":\"https:\/\/www.eussifruit.eu\/de\/#organization\"},\"potentialAction\":[{\"@type\":\"SearchAction\",\"target\":{\"@type\":\"EntryPoint\",\"urlTemplate\":\"https:\/\/www.eussifruit.eu\/de\/?s={search_term_string}\"},\"query-input\":{\"@type\":\"PropertyValueSpecification\",\"valueRequired\":true,\"valueName\":\"search_term_string\"}}],\"inLanguage\":\"de\"},{\"@type\":\"Organization\",\"@id\":\"https:\/\/www.eussifruit.eu\/de\/#organization\",\"name\":\"Eussifruit\",\"url\":\"https:\/\/www.eussifruit.eu\/de\/\",\"logo\":{\"@type\":\"ImageObject\",\"inLanguage\":\"de\",\"@id\":\"https:\/\/www.eussifruit.eu\/de\/#\/schema\/logo\/image\/\",\"url\":\"https:\/\/www.eussifruit.eu\/wp-content\/uploads\/2015\/03\/EussiFruit_logo2.png\",\"contentUrl\":\"https:\/\/www.eussifruit.eu\/wp-content\/uploads\/2015\/03\/EussiFruit_logo2.png\",\"width\":564,\"height\":132,\"caption\":\"Eussifruit\"},\"image\":{\"@id\":\"https:\/\/www.eussifruit.eu\/de\/#\/schema\/logo\/image\/\"}}]}<\/script>\n<!-- \/ Yoast SEO plugin. -->","yoast_head_json":{"title":"Klanten - Eussifruit","robots":{"index":"index","follow":"follow","max-snippet":"max-snippet:-1","max-image-preview":"max-image-preview:large","max-video-preview":"max-video-preview:-1"},"canonical":"https:\/\/www.eussifruit.eu\/de\/klanten\/","og_locale":"de_DE","og_type":"article","og_title":"Klanten - Eussifruit","og_description":"[et_pb_section fb_built=&#8221;1&#8243; _builder_version=&#8221;4.9.3&#8243; _module_preset=&#8221;default&#8221; background_image=&#8221;https:\/\/www.eussifruit.eu\/wp-content\/uploads\/2021\/04\/man-preparing-vegetarian-and-vegan-food-table-full-XZ3KUW6-2-scaled.jpg&#8221; module_alignment=&#8221;center&#8221; custom_padding=&#8221;186px||186px||true|false&#8221; hover_enabled=&#8221;0&#8243; title_text=&#8221;man-preparing-vegetarian-and-vegan-food-table-full-XZ3KUW6-2&#8243; sticky_enabled=&#8221;0&#8243; border_width_bottom=&#8221;3px&#8221; border_color_bottom=&#8221;#006631&#8243;][et_pb_row _builder_version=&#8221;4.9.3&#8243; _module_preset=&#8221;default&#8221;][et_pb_column type=&#8221;4_4&#8243; _builder_version=&#8221;4.9.3&#8243; _module_preset=&#8221;default&#8221;][et_pb_text _builder_version=&#8221;4.9.3&#8243; _module_preset=&#8221;default&#8221; header_font=&#8221;Poppins|700|||||||&#8221; header_text_color=&#8221;#EDF2F4&#8243; header_font_size=&#8221;52px&#8221; hover_enabled=&#8221;0&#8243; header_text_shadow_style=&#8221;preset1&#8243; sticky_enabled=&#8221;0&#8243;] Onze klanten [\/et_pb_text][\/et_pb_column][\/et_pb_row][\/et_pb_section][et_pb_section fb_built=&#8221;1&#8243; admin_label=&#8221;section&#8221; _builder_version=&#8221;3.22&#8243;][et_pb_row admin_label=&#8221;row&#8221; _builder_version=&#8221;3.25&#8243; background_size=&#8221;initial&#8221; background_position=&#8221;top_left&#8221; background_repeat=&#8221;repeat&#8221;][et_pb_column type=&#8221;4_4&#8243; _builder_version=&#8221;3.25&#8243; custom_padding=&#8221;|||&#8221; custom_padding__hover=&#8221;|||&#8221;][et_pb_text admin_label=&#8221;Text&#8221; _builder_version=&#8221;4.9.3&#8243; text_font=&#8221;Poppins||||||||&#8221; text_font_size=&#8221;15px&#8221; text_line_height=&#8221;1.8em&#8221; background_size=&#8221;initial&#8221; background_position=&#8221;top_left&#8221; background_repeat=&#8221;repeat&#8221; hover_enabled=&#8221;0&#8243; sticky_enabled=&#8221;0&#8243;] Onze klanten Eussifruit heeft niet [&hellip;]","og_url":"https:\/\/www.eussifruit.eu\/de\/klanten\/","og_site_name":"Eussifruit","article_modified_time":"2021-04-17T16:44:09+00:00","twitter_card":"summary_large_image","twitter_misc":{"Gesch\u00e4tzte Lesezeit":"2\u00a0Minuten"},"schema":{"@context":"https:\/\/schema.org","@graph":[{"@type":"WebPage","@id":"https:\/\/www.eussifruit.eu\/klanten\/","url":"https:\/\/www.eussifruit.eu\/klanten\/","name":"Klanten - Eussifruit","isPartOf":{"@id":"https:\/\/www.eussifruit.eu\/de\/#website"},"datePublished":"2015-03-15T13:58:11+00:00","dateModified":"2021-04-17T16:44:09+00:00","breadcrumb":{"@id":"https:\/\/www.eussifruit.eu\/klanten\/#breadcrumb"},"inLanguage":"de","potentialAction":[{"@type":"ReadAction","target":["https:\/\/www.eussifruit.eu\/klanten\/"]}]},{"@type":"BreadcrumbList","@id":"https:\/\/www.eussifruit.eu\/klanten\/#breadcrumb","itemListElement":[{"@type":"ListItem","position":1,"name":"Home","item":"https:\/\/www.eussifruit.eu\/"},{"@type":"ListItem","position":2,"name":"Klanten"}]},{"@type":"WebSite","@id":"https:\/\/www.eussifruit.eu\/de\/#website","url":"https:\/\/www.eussifruit.eu\/de\/","name":"Eussifruit","description":"groothandel gespecialiseerd in Aardappelen, Groenten en Fruit, gesneden producten.","publisher":{"@id":"https:\/\/www.eussifruit.eu\/de\/#organization"},"potentialAction":[{"@type":"SearchAction","target":{"@type":"EntryPoint","urlTemplate":"https:\/\/www.eussifruit.eu\/de\/?s={search_term_string}"},"query-input":{"@type":"PropertyValueSpecification","valueRequired":true,"valueName":"search_term_string"}}],"inLanguage":"de"},{"@type":"Organization","@id":"https:\/\/www.eussifruit.eu\/de\/#organization","name":"Eussifruit","url":"https:\/\/www.eussifruit.eu\/de\/","logo":{"@type":"ImageObject","inLanguage":"de","@id":"https:\/\/www.eussifruit.eu\/de\/#\/schema\/logo\/image\/","url":"https:\/\/www.eussifruit.eu\/wp-content\/uploads\/2015\/03\/EussiFruit_logo2.png","contentUrl":"https:\/\/www.eussifruit.eu\/wp-content\/uploads\/2015\/03\/EussiFruit_logo2.png","width":564,"height":132,"caption":"Eussifruit"},"image":{"@id":"https:\/\/www.eussifruit.eu\/de\/#\/schema\/logo\/image\/"}}]}},"_links":{"self":[{"href":"https:\/\/www.eussifruit.eu\/de\/wp-json\/wp\/v2\/pages\/2372","targetHints":{"allow":["GET"]}}],"collection":[{"href":"https:\/\/www.eussifruit.eu\/de\/wp-json\/wp\/v2\/pages"}],"about":[{"href":"https:\/\/www.eussifruit.eu\/de\/wp-json\/wp\/v2\/types\/page"}],"author":[{"embeddable":true,"href":"https:\/\/www.eussifruit.eu\/de\/wp-json\/wp\/v2\/users\/1"}],"replies":[{"embeddable":true,"href":"https:\/\/www.eussifruit.eu\/de\/wp-json\/wp\/v2\/comments?post=2372"}],"version-history":[{"count":19,"href":"https:\/\/www.eussifruit.eu\/de\/wp-json\/wp\/v2\/pages\/2372\/revisions"}],"predecessor-version":[{"id":21772,"href":"https:\/\/www.eussifruit.eu\/de\/wp-json\/wp\/v2\/pages\/2372\/revisions\/21772"}],"wp:attachment":[{"href":"https:\/\/www.eussifruit.eu\/de\/wp-json\/wp\/v2\/media?parent=2372"}],"curies":[{"name":"wp","href":"https:\/\/api.w.org\/{rel}","templated":true}]}}