{"id":2347,"date":"2015-03-15T14:48:45","date_gmt":"2015-03-15T13:48:45","guid":{"rendered":"http:\/\/www.eussifruit.eu\/2015\/?page_id=2347"},"modified":"2021-04-17T17:17:13","modified_gmt":"2021-04-17T16:17:13","slug":"werkfruit","status":"publish","type":"page","link":"https:\/\/www.eussifruit.eu\/de\/werkfruit\/","title":{"rendered":"Fr\u00fcchte f\u00fcr die Arbeit"},"content":{"rendered":"<p>[et_pb_section fb_built=&#8221;1&#8243; _builder_version=&#8221;4.9.3&#8243; _module_preset=&#8221;default&#8221; background_image=&#8221;https:\/\/www.eussifruit.eu\/wp-content\/uploads\/2021\/04\/pexels-lukas-1352241.jpg&#8221; module_alignment=&#8221;center&#8221; custom_padding=&#8221;186px||186px||true|false&#8221; hover_enabled=&#8221;0&#8243; border_width_bottom=&#8221;3px&#8221; border_color_bottom=&#8221;#006631&#8243; title_text=&#8221;pexels-lukas-1352241&#8243; sticky_enabled=&#8221;0&#8243; background_position=&#8221;center_left&#8221;][et_pb_row _builder_version=&#8221;4.9.3&#8243; _module_preset=&#8221;default&#8221;][et_pb_column type=&#8221;4_4&#8243; _builder_version=&#8221;4.9.3&#8243; _module_preset=&#8221;default&#8221;][et_pb_text _builder_version=&#8221;4.9.3&#8243; _module_preset=&#8221;default&#8221; header_font=&#8221;Poppins|800|||||||&#8221; header_text_color=&#8221;#f7fff7&#8243; header_font_size=&#8221;51px&#8221; hover_enabled=&#8221;0&#8243; header_text_shadow_style=&#8221;preset1&#8243; sticky_enabled=&#8221;0&#8243;]<\/p>\n<h1>Fr\u00fcchte f\u00fcr die Arbeit<\/h1>\n<p>[\/et_pb_text][\/et_pb_column][\/et_pb_row][\/et_pb_section][et_pb_section fb_built=&#8221;1&#8243; admin_label=&#8221;section&#8221; _builder_version=&#8221;3.22&#8243;][et_pb_row admin_label=&#8221;row&#8221; _builder_version=&#8221;3.25&#8243; background_size=&#8221;initial&#8221; background_position=&#8221;top_left&#8221; background_repeat=&#8221;repeat&#8221;][et_pb_column type=&#8221;4_4&#8243; _builder_version=&#8221;3.25&#8243; custom_padding=&#8221;|||&#8221; custom_padding__hover=&#8221;|||&#8221;][et_pb_text admin_label=&#8221;Text&#8221; _builder_version=&#8221;4.9.3&#8243; text_font=&#8221;Poppins||||||||&#8221; text_font_size=&#8221;15px&#8221; text_line_height=&#8221;1.8em&#8221; header_font=&#8221;Poppins||||||||&#8221; header_text_color=&#8221;#006631&#8243; header_font_size=&#8221;37px&#8221; header_2_font=&#8221;Poppins|600|||||||&#8221; header_2_text_color=&#8221;#006631&#8243; header_2_font_size=&#8221;20px&#8221; header_2_letter_spacing=&#8221;1px&#8221; header_3_font_size=&#8221;33px&#8221; background_size=&#8221;initial&#8221; background_position=&#8221;top_left&#8221; background_repeat=&#8221;repeat&#8221;]<\/p>\n<h3>Fr\u00fcchte f\u00fcr die Arbeit<\/h3>\n<p>Obst ist nat\u00fcrlich nicht nur gesund, sondern auch ein leckerer und einfacher Snack. Es ist statistisch erwiesen, dass Obst Sie fit h\u00e4lt und die Wahrscheinlichkeit, krank zu werden, verringert. Schlie\u00dflich kostet harte Arbeit Energie. D\u00e4nische Untersuchungen haben gezeigt, dass 97 % der Mitarbeiter Obst bei der Arbeit als Zeichen der Wertsch\u00e4tzung sehen und 96 % nutzen es t\u00e4glich. Etwa 80 % der Befragten glauben, dass das Geld, das f\u00fcr Obst am Arbeitsplatz ausgegeben wird, gut angelegt ist. Um die Mitarbeiter zu ermutigen, mehr Obst zu essen, hat Eussifruit ein spezielles Arbeitsobstprogramm entwickelt. Zum Beispiel Obst auf dem Tresen, ein fruchtiges Weihnachtsgeschenk oder frisches Obst in der Firmenkantine. Eussifruit liefert frisches Obst an Unternehmen auf w\u00f6chentlicher Basis, wobei die Anzahl der Lieferungen in einer Woche und die Art des zu liefernden Obstes vereinbart werden.<\/p>\n<p>[\/et_pb_text][\/et_pb_column][\/et_pb_row][et_pb_row column_structure=&#8221;2_5,3_5&#8243; _builder_version=&#8221;4.9.3&#8243; _module_preset=&#8221;default&#8221;][et_pb_column type=&#8221;2_5&#8243; _builder_version=&#8221;4.9.3&#8243; _module_preset=&#8221;default&#8221;][et_pb_image src=&#8221;https:\/\/www.eussifruit.eu\/wp-content\/uploads\/2021\/04\/pexels-lukas-1352243-3-scaled.jpg&#8221; title_text=&#8221;pexels-lukas-1352243-3&#8243; _builder_version=&#8221;4.9.3&#8243; _module_preset=&#8221;default&#8221; custom_margin=&#8221;35px|||||&#8221; border_width_all=&#8221;1px&#8221; border_color_all=&#8221;#006631&#8243;][\/et_pb_image][\/et_pb_column][et_pb_column type=&#8221;3_5&#8243; _builder_version=&#8221;4.9.3&#8243; _module_preset=&#8221;default&#8221;][et_pb_text admin_label=&#8221;Text&#8221; _builder_version=&#8221;4.9.3&#8243; text_font=&#8221;Poppins||||||||&#8221; text_font_size=&#8221;15px&#8221; text_line_height=&#8221;1.8em&#8221; header_font=&#8221;Poppins||||||||&#8221; header_text_color=&#8221;#006631&#8243; header_font_size=&#8221;37px&#8221; header_2_font=&#8221;Poppins|600|||||||&#8221; header_2_text_color=&#8221;#006631&#8243; header_2_font_size=&#8221;20px&#8221; header_2_letter_spacing=&#8221;1px&#8221; header_3_font_size=&#8221;33px&#8221; background_size=&#8221;initial&#8221; background_position=&#8221;top_left&#8221; background_repeat=&#8221;repeat&#8221;]<\/p>\n<h3>Vorteile von Fr\u00fcchten f\u00fcr die Arbeit:<\/h3>\n<p>Gesunde Menschen sind gl\u00fccklicher und leben l\u00e4nger<br \/>Au\u00dferdem sind sie produktiver<\/p>\n<h2>Gesunde Ern\u00e4hrung dient einem sozialen Zweck<\/h2>\n<p>Wenn alle Niederl\u00e4nder t\u00e4glich 200 Gramm Gem\u00fcse essen w\u00fcrden, k\u00f6nnten laut Voedingscentrum j\u00e4hrlich Tausende von Herzinfarkten und Schlaganf\u00e4llen, Todesf\u00e4llen durch Herz-Kreislauf-Erkrankungen und Krebs verhindert werden.<\/p>\n<h2>Weniger Fehlzeiten<\/h2>\n<div>Mitarbeiter, die t\u00e4glich mehrere St\u00fccke Obst essen, haben eine h\u00f6here Widerstandsf\u00e4higkeit gegen Krankheiten. Sie sind daher weniger anf\u00e4llig f\u00fcr Krankheiten. Sie bleiben auch seltener krank zu Hause. Und sie erholen sich im Krankheitsfall schneller.<\/div>\n<p>&nbsp;<\/p>\n<p>[\/et_pb_text][\/et_pb_column][\/et_pb_row][\/et_pb_section]<\/p>","protected":false},"excerpt":{"rendered":"<p>[et_pb_section fb_built=&#8221;1&#8243; _builder_version=&#8221;4.9.3&#8243; _module_preset=&#8221;default&#8221; background_image=&#8221;https:\/\/www.eussifruit.eu\/wp-content\/uploads\/2021\/04\/pexels-lukas-1352241.jpg&#8221; module_alignment=&#8221;center&#8221; custom_padding=&#8221;186px||186px||true|false&#8221; hover_enabled=&#8221;0&#8243; border_width_bottom=&#8221;3px&#8221; border_color_bottom=&#8221;#006631&#8243; title_text=&#8221;pexels-lukas-1352241&#8243; sticky_enabled=&#8221;0&#8243; background_position=&#8221;center_left&#8221;][et_pb_row _builder_version=&#8221;4.9.3&#8243; _module_preset=&#8221;default&#8221;][et_pb_column type=&#8221;4_4&#8243; _builder_version=&#8221;4.9.3&#8243; _module_preset=&#8221;default&#8221;][et_pb_text _builder_version=&#8221;4.9.3&#8243; _module_preset=&#8221;default&#8221; header_font=&#8221;Poppins|800|||||||&#8221; header_text_color=&#8221;#f7fff7&#8243; header_font_size=&#8221;51px&#8221; hover_enabled=&#8221;0&#8243; header_text_shadow_style=&#8221;preset1&#8243; sticky_enabled=&#8221;0&#8243;] Werkfruit [\/et_pb_text][\/et_pb_column][\/et_pb_row][\/et_pb_section][et_pb_section fb_built=&#8221;1&#8243; admin_label=&#8221;section&#8221; _builder_version=&#8221;3.22&#8243;][et_pb_row admin_label=&#8221;row&#8221; _builder_version=&#8221;3.25&#8243; background_size=&#8221;initial&#8221; background_position=&#8221;top_left&#8221; background_repeat=&#8221;repeat&#8221;][et_pb_column type=&#8221;4_4&#8243; _builder_version=&#8221;3.25&#8243; custom_padding=&#8221;|||&#8221; custom_padding__hover=&#8221;|||&#8221;][et_pb_text admin_label=&#8221;Text&#8221; _builder_version=&#8221;4.9.3&#8243; text_font=&#8221;Poppins||||||||&#8221; text_font_size=&#8221;15px&#8221; text_line_height=&#8221;1.8em&#8221; header_font=&#8221;Poppins||||||||&#8221; header_text_color=&#8221;#006631&#8243; header_font_size=&#8221;37px&#8221; header_2_font=&#8221;Poppins|600|||||||&#8221; header_2_text_color=&#8221;#006631&#8243; header_2_font_size=&#8221;20px&#8221; header_2_letter_spacing=&#8221;1px&#8221; header_3_font_size=&#8221;33px&#8221; background_size=&#8221;initial&#8221; background_position=&#8221;top_left&#8221; [&hellip;]<\/p>","protected":false},"author":1,"featured_media":0,"parent":0,"menu_order":0,"comment_status":"closed","ping_status":"open","template":"","meta":{"_et_pb_use_builder":"on","_et_pb_old_content":"[vc_row][vc_column width=\"1\/2\"][vc_column_text animation=\"fadeIn-1 blind\"]\r\n<h3>Werkfruit<\/h3>\r\nFruit is natuurlijk gezond en daarnaast een smakelijk en makkelijk tussendoortje. Het is statistisch bewezen dat fruit je fit houdt en ervoor zorgt dat je minder snel ziek wordt. Hard werken kost immers energie. Uit Deens onderzoek is gebleken dat 97% van de werknemers fruit op het werk beschouwt\u00a0 als een teken van waardering, bovendien maakt liefst 96% er dagelijks gebruik van. Zo\u2019n 80% van de ondervragers is van mening dat het geld voor fruit op het werk goed is besteed. Om medewerkers te stimuleren meer fruit te eten heeft Eussifruit een speciaal werkfruitprogramma samengesteld. Denk bijvoorbeeld aan fruit op de balie, een fruitig kerstpakket of vers fruit in de bedrijfskantine. Eussifruit bezorgt wekelijks vers fruit bij bedrijven, waarbij onderlinge afspraken gemaakt worden over het aantal leveringen in een week en welk soort fruit geleverd moet worden.[\/vc_column_text][vc_empty_space][vc_single_image image=\"2556\" img_size=\"539x450\" alignment=\"center\" style=\"vc_box_rounded\"][\/vc_column][vc_column width=\"1\/2\"][vc_column_text]\r\n<h2><strong>Voordelen van werkfruit:<\/strong><\/h2>\r\nGezonde mensen zijn gelukkiger en leven langer.\r\nBovendien zijn ze productiever.\r\n\r\n<strong>Gezond eten dient een maatschappelijk belang.<\/strong>\r\nAls alle Nederlanders 200 gram groenten per dag zouden eten, kunnen volgens het Voedingscentrum per jaar duizenden hartinfarcten en beroerten, sterfgevallen door hart- en vaatziekten en door kanker voorkomen worden.\r\n<div><\/div>\r\n<div><strong>Minder ziekteverzuim<\/strong><\/div>\r\n<div>Medewerkers die dagelijks een aantal stuks fruit eten hebben een hogere weerstand. Ze zijn daardoor minder vatbaar voor ziektes. Ook blijven ze minder vaak ziek thuis. En bij ziekte herstellen zij sneller.<\/div>\r\n[\/vc_column_text][vc_empty_space][vc_row_inner][vc_column_inner][\/vc_column_inner][\/vc_row_inner][\/vc_column][\/vc_row]","_et_gb_content_width":"","footnotes":""},"class_list":["post-2347","page","type-page","status-publish","hentry"],"yoast_head":"<!-- This site is optimized with the Yoast SEO plugin v23.6 - https:\/\/yoast.com\/wordpress\/plugins\/seo\/ -->\n<title>Werkfruit - Eussifruit<\/title>\n<meta name=\"robots\" content=\"index, follow, max-snippet:-1, max-image-preview:large, max-video-preview:-1\" \/>\n<link rel=\"canonical\" href=\"https:\/\/www.eussifruit.eu\/de\/werkfruit\/\" \/>\n<meta property=\"og:locale\" content=\"de_DE\" \/>\n<meta property=\"og:type\" content=\"article\" \/>\n<meta property=\"og:title\" content=\"Werkfruit - Eussifruit\" \/>\n<meta property=\"og:description\" content=\"[et_pb_section fb_built=&#8221;1&#8243; _builder_version=&#8221;4.9.3&#8243; _module_preset=&#8221;default&#8221; background_image=&#8221;https:\/\/www.eussifruit.eu\/wp-content\/uploads\/2021\/04\/pexels-lukas-1352241.jpg&#8221; module_alignment=&#8221;center&#8221; custom_padding=&#8221;186px||186px||true|false&#8221; hover_enabled=&#8221;0&#8243; border_width_bottom=&#8221;3px&#8221; border_color_bottom=&#8221;#006631&#8243; title_text=&#8221;pexels-lukas-1352241&#8243; sticky_enabled=&#8221;0&#8243; background_position=&#8221;center_left&#8221;][et_pb_row _builder_version=&#8221;4.9.3&#8243; _module_preset=&#8221;default&#8221;][et_pb_column type=&#8221;4_4&#8243; _builder_version=&#8221;4.9.3&#8243; _module_preset=&#8221;default&#8221;][et_pb_text _builder_version=&#8221;4.9.3&#8243; _module_preset=&#8221;default&#8221; header_font=&#8221;Poppins|800|||||||&#8221; header_text_color=&#8221;#f7fff7&#8243; header_font_size=&#8221;51px&#8221; hover_enabled=&#8221;0&#8243; header_text_shadow_style=&#8221;preset1&#8243; sticky_enabled=&#8221;0&#8243;] Werkfruit [\/et_pb_text][\/et_pb_column][\/et_pb_row][\/et_pb_section][et_pb_section fb_built=&#8221;1&#8243; admin_label=&#8221;section&#8221; _builder_version=&#8221;3.22&#8243;][et_pb_row admin_label=&#8221;row&#8221; _builder_version=&#8221;3.25&#8243; background_size=&#8221;initial&#8221; background_position=&#8221;top_left&#8221; background_repeat=&#8221;repeat&#8221;][et_pb_column type=&#8221;4_4&#8243; _builder_version=&#8221;3.25&#8243; custom_padding=&#8221;|||&#8221; custom_padding__hover=&#8221;|||&#8221;][et_pb_text admin_label=&#8221;Text&#8221; _builder_version=&#8221;4.9.3&#8243; text_font=&#8221;Poppins||||||||&#8221; text_font_size=&#8221;15px&#8221; text_line_height=&#8221;1.8em&#8221; header_font=&#8221;Poppins||||||||&#8221; header_text_color=&#8221;#006631&#8243; header_font_size=&#8221;37px&#8221; header_2_font=&#8221;Poppins|600|||||||&#8221; header_2_text_color=&#8221;#006631&#8243; header_2_font_size=&#8221;20px&#8221; header_2_letter_spacing=&#8221;1px&#8221; header_3_font_size=&#8221;33px&#8221; background_size=&#8221;initial&#8221; background_position=&#8221;top_left&#8221; [&hellip;]\" \/>\n<meta property=\"og:url\" content=\"https:\/\/www.eussifruit.eu\/de\/werkfruit\/\" \/>\n<meta property=\"og:site_name\" content=\"Eussifruit\" \/>\n<meta property=\"article:modified_time\" content=\"2021-04-17T16:17:13+00:00\" \/>\n<meta name=\"twitter:card\" content=\"summary_large_image\" \/>\n<meta name=\"twitter:label1\" content=\"Gesch\u00e4tzte Lesezeit\" \/>\n\t<meta name=\"twitter:data1\" content=\"3\u00a0Minuten\" \/>\n<script type=\"application\/ld+json\" class=\"yoast-schema-graph\">{\"@context\":\"https:\/\/schema.org\",\"@graph\":[{\"@type\":\"WebPage\",\"@id\":\"https:\/\/www.eussifruit.eu\/werkfruit\/\",\"url\":\"https:\/\/www.eussifruit.eu\/werkfruit\/\",\"name\":\"Werkfruit - Eussifruit\",\"isPartOf\":{\"@id\":\"https:\/\/www.eussifruit.eu\/de\/#website\"},\"datePublished\":\"2015-03-15T13:48:45+00:00\",\"dateModified\":\"2021-04-17T16:17:13+00:00\",\"breadcrumb\":{\"@id\":\"https:\/\/www.eussifruit.eu\/werkfruit\/#breadcrumb\"},\"inLanguage\":\"de\",\"potentialAction\":[{\"@type\":\"ReadAction\",\"target\":[\"https:\/\/www.eussifruit.eu\/werkfruit\/\"]}]},{\"@type\":\"BreadcrumbList\",\"@id\":\"https:\/\/www.eussifruit.eu\/werkfruit\/#breadcrumb\",\"itemListElement\":[{\"@type\":\"ListItem\",\"position\":1,\"name\":\"Home\",\"item\":\"https:\/\/www.eussifruit.eu\/\"},{\"@type\":\"ListItem\",\"position\":2,\"name\":\"Werkfruit\"}]},{\"@type\":\"WebSite\",\"@id\":\"https:\/\/www.eussifruit.eu\/de\/#website\",\"url\":\"https:\/\/www.eussifruit.eu\/de\/\",\"name\":\"Eussifruit\",\"description\":\"groothandel gespecialiseerd in Aardappelen, Groenten en Fruit, gesneden producten.\",\"publisher\":{\"@id\":\"https:\/\/www.eussifruit.eu\/de\/#organization\"},\"potentialAction\":[{\"@type\":\"SearchAction\",\"target\":{\"@type\":\"EntryPoint\",\"urlTemplate\":\"https:\/\/www.eussifruit.eu\/de\/?s={search_term_string}\"},\"query-input\":{\"@type\":\"PropertyValueSpecification\",\"valueRequired\":true,\"valueName\":\"search_term_string\"}}],\"inLanguage\":\"de\"},{\"@type\":\"Organization\",\"@id\":\"https:\/\/www.eussifruit.eu\/de\/#organization\",\"name\":\"Eussifruit\",\"url\":\"https:\/\/www.eussifruit.eu\/de\/\",\"logo\":{\"@type\":\"ImageObject\",\"inLanguage\":\"de\",\"@id\":\"https:\/\/www.eussifruit.eu\/de\/#\/schema\/logo\/image\/\",\"url\":\"https:\/\/www.eussifruit.eu\/wp-content\/uploads\/2015\/03\/EussiFruit_logo2.png\",\"contentUrl\":\"https:\/\/www.eussifruit.eu\/wp-content\/uploads\/2015\/03\/EussiFruit_logo2.png\",\"width\":564,\"height\":132,\"caption\":\"Eussifruit\"},\"image\":{\"@id\":\"https:\/\/www.eussifruit.eu\/de\/#\/schema\/logo\/image\/\"}}]}<\/script>\n<!-- \/ Yoast SEO plugin. -->","yoast_head_json":{"title":"Werkfruit - Eussifruit","robots":{"index":"index","follow":"follow","max-snippet":"max-snippet:-1","max-image-preview":"max-image-preview:large","max-video-preview":"max-video-preview:-1"},"canonical":"https:\/\/www.eussifruit.eu\/de\/werkfruit\/","og_locale":"de_DE","og_type":"article","og_title":"Werkfruit - Eussifruit","og_description":"[et_pb_section fb_built=&#8221;1&#8243; _builder_version=&#8221;4.9.3&#8243; _module_preset=&#8221;default&#8221; background_image=&#8221;https:\/\/www.eussifruit.eu\/wp-content\/uploads\/2021\/04\/pexels-lukas-1352241.jpg&#8221; module_alignment=&#8221;center&#8221; custom_padding=&#8221;186px||186px||true|false&#8221; hover_enabled=&#8221;0&#8243; border_width_bottom=&#8221;3px&#8221; border_color_bottom=&#8221;#006631&#8243; title_text=&#8221;pexels-lukas-1352241&#8243; sticky_enabled=&#8221;0&#8243; background_position=&#8221;center_left&#8221;][et_pb_row _builder_version=&#8221;4.9.3&#8243; _module_preset=&#8221;default&#8221;][et_pb_column type=&#8221;4_4&#8243; _builder_version=&#8221;4.9.3&#8243; _module_preset=&#8221;default&#8221;][et_pb_text _builder_version=&#8221;4.9.3&#8243; _module_preset=&#8221;default&#8221; header_font=&#8221;Poppins|800|||||||&#8221; header_text_color=&#8221;#f7fff7&#8243; header_font_size=&#8221;51px&#8221; hover_enabled=&#8221;0&#8243; header_text_shadow_style=&#8221;preset1&#8243; sticky_enabled=&#8221;0&#8243;] Werkfruit [\/et_pb_text][\/et_pb_column][\/et_pb_row][\/et_pb_section][et_pb_section fb_built=&#8221;1&#8243; admin_label=&#8221;section&#8221; _builder_version=&#8221;3.22&#8243;][et_pb_row admin_label=&#8221;row&#8221; _builder_version=&#8221;3.25&#8243; background_size=&#8221;initial&#8221; background_position=&#8221;top_left&#8221; background_repeat=&#8221;repeat&#8221;][et_pb_column type=&#8221;4_4&#8243; _builder_version=&#8221;3.25&#8243; custom_padding=&#8221;|||&#8221; custom_padding__hover=&#8221;|||&#8221;][et_pb_text admin_label=&#8221;Text&#8221; _builder_version=&#8221;4.9.3&#8243; text_font=&#8221;Poppins||||||||&#8221; text_font_size=&#8221;15px&#8221; text_line_height=&#8221;1.8em&#8221; header_font=&#8221;Poppins||||||||&#8221; header_text_color=&#8221;#006631&#8243; header_font_size=&#8221;37px&#8221; header_2_font=&#8221;Poppins|600|||||||&#8221; header_2_text_color=&#8221;#006631&#8243; header_2_font_size=&#8221;20px&#8221; header_2_letter_spacing=&#8221;1px&#8221; header_3_font_size=&#8221;33px&#8221; background_size=&#8221;initial&#8221; background_position=&#8221;top_left&#8221; [&hellip;]","og_url":"https:\/\/www.eussifruit.eu\/de\/werkfruit\/","og_site_name":"Eussifruit","article_modified_time":"2021-04-17T16:17:13+00:00","twitter_card":"summary_large_image","twitter_misc":{"Gesch\u00e4tzte Lesezeit":"3\u00a0Minuten"},"schema":{"@context":"https:\/\/schema.org","@graph":[{"@type":"WebPage","@id":"https:\/\/www.eussifruit.eu\/werkfruit\/","url":"https:\/\/www.eussifruit.eu\/werkfruit\/","name":"Werkfruit - Eussifruit","isPartOf":{"@id":"https:\/\/www.eussifruit.eu\/de\/#website"},"datePublished":"2015-03-15T13:48:45+00:00","dateModified":"2021-04-17T16:17:13+00:00","breadcrumb":{"@id":"https:\/\/www.eussifruit.eu\/werkfruit\/#breadcrumb"},"inLanguage":"de","potentialAction":[{"@type":"ReadAction","target":["https:\/\/www.eussifruit.eu\/werkfruit\/"]}]},{"@type":"BreadcrumbList","@id":"https:\/\/www.eussifruit.eu\/werkfruit\/#breadcrumb","itemListElement":[{"@type":"ListItem","position":1,"name":"Home","item":"https:\/\/www.eussifruit.eu\/"},{"@type":"ListItem","position":2,"name":"Werkfruit"}]},{"@type":"WebSite","@id":"https:\/\/www.eussifruit.eu\/de\/#website","url":"https:\/\/www.eussifruit.eu\/de\/","name":"Eussifruit","description":"groothandel gespecialiseerd in Aardappelen, Groenten en Fruit, gesneden producten.","publisher":{"@id":"https:\/\/www.eussifruit.eu\/de\/#organization"},"potentialAction":[{"@type":"SearchAction","target":{"@type":"EntryPoint","urlTemplate":"https:\/\/www.eussifruit.eu\/de\/?s={search_term_string}"},"query-input":{"@type":"PropertyValueSpecification","valueRequired":true,"valueName":"search_term_string"}}],"inLanguage":"de"},{"@type":"Organization","@id":"https:\/\/www.eussifruit.eu\/de\/#organization","name":"Eussifruit","url":"https:\/\/www.eussifruit.eu\/de\/","logo":{"@type":"ImageObject","inLanguage":"de","@id":"https:\/\/www.eussifruit.eu\/de\/#\/schema\/logo\/image\/","url":"https:\/\/www.eussifruit.eu\/wp-content\/uploads\/2015\/03\/EussiFruit_logo2.png","contentUrl":"https:\/\/www.eussifruit.eu\/wp-content\/uploads\/2015\/03\/EussiFruit_logo2.png","width":564,"height":132,"caption":"Eussifruit"},"image":{"@id":"https:\/\/www.eussifruit.eu\/de\/#\/schema\/logo\/image\/"}}]}},"_links":{"self":[{"href":"https:\/\/www.eussifruit.eu\/de\/wp-json\/wp\/v2\/pages\/2347","targetHints":{"allow":["GET"]}}],"collection":[{"href":"https:\/\/www.eussifruit.eu\/de\/wp-json\/wp\/v2\/pages"}],"about":[{"href":"https:\/\/www.eussifruit.eu\/de\/wp-json\/wp\/v2\/types\/page"}],"author":[{"embeddable":true,"href":"https:\/\/www.eussifruit.eu\/de\/wp-json\/wp\/v2\/users\/1"}],"replies":[{"embeddable":true,"href":"https:\/\/www.eussifruit.eu\/de\/wp-json\/wp\/v2\/comments?post=2347"}],"version-history":[{"count":26,"href":"https:\/\/www.eussifruit.eu\/de\/wp-json\/wp\/v2\/pages\/2347\/revisions"}],"predecessor-version":[{"id":21762,"href":"https:\/\/www.eussifruit.eu\/de\/wp-json\/wp\/v2\/pages\/2347\/revisions\/21762"}],"wp:attachment":[{"href":"https:\/\/www.eussifruit.eu\/de\/wp-json\/wp\/v2\/media?parent=2347"}],"curies":[{"name":"wp","href":"https:\/\/api.w.org\/{rel}","templated":true}]}}